{"id":833,"date":"2025-02-19T07:54:45","date_gmt":"2025-02-19T05:54:45","guid":{"rendered":"http:\/\/irucont.ro\/?page_id=833"},"modified":"2025-03-18T15:06:58","modified_gmt":"2025-03-18T13:06:58","slug":"oportunitati-de-cariera","status":"publish","type":"page","link":"http:\/\/irucont.ro\/index.php\/oportunitati-de-cariera\/","title":{"rendered":"OPORTUNITATI DE CARIERA"},"content":{"rendered":"\n<p><strong>Angajam Tehnician Service Case de Marcat Electronice in Cluj-Napoca<\/strong> <strong>\u0219i Bra\u0219ov<\/strong><\/p>\n\n\n\n<p><strong>Candidatul ideal:<\/strong><\/p>\n\n\n\n<ul><li>Studii medii\/ superioare in domeniul tehnic (electrotehnica, calculatoare, informatica)<\/li><li>Cunostinte utilizare PC<\/li><li>Abilitati de comunicare cu clientii si colegii<\/li><li>Persoan\u0103 organizat\u0103, responsabil\u0103 \u0219i cu un spirit de \u00eenv\u0103\u021bare continu\u0103.<\/li><li>Permis conducere categoria B<\/li><li>Fara mentiuni in Cazierul Judiciar<\/li><li>Experienta anterioara in domeniu constituie avantaj<\/li><li>Experienta in service IT constituie avantaj<\/li><li>Disponibilitate pentru deplas\u0103ri (\u00een anumite cazuri)<\/li><\/ul>\n\n\n\n<p><strong>Descrierea jobului:<\/strong><\/p>\n\n\n\n<ul><li>Instalarea si fiscalizarea echipamentelor fiscale cu respectarea legislatiei in vigoare si specificatiile producatorului<\/li><li>Intocmirea documentelor impuse de lege si de procedura de lucru la vanzare<\/li><li>Instruirea utilizatorilor pentru utilizarea corecta a echipamentelor fiscale si a echipamentelor periferice achizitionate<\/li><li>Oferirea de suport tehnic \u0219i consultan\u021b\u0103 clien\u021bilor pentru utilizarea corect\u0103 a echipamentelor;<\/li><li>Respectarea specificatilor producatorului si procedurile de lucru in setarea, formatarea si interventiile asupra componentelor hardware<\/li><li>Instalarea sistemelor hardware si software la sediul clientului<\/li><\/ul>\n\n\n\n<p><strong>Beneficii oferite:<\/strong><\/p>\n\n\n\n<ul><li>Salariu atractiv corelat cu experien\u021ba \u0219i performan\u021bele ob\u021binute<\/li><li>Prime de Sarbatori ocazionale<\/li><li>Laptop, telefon<\/li><li>Masina de serviciu<\/li><li>Mediu de lucru stabil si placut, echipa dinamica<\/li><\/ul>\n\n\n\n<p><strong>Descrierea companiei:<\/strong><\/p>\n\n\n\n<p><strong>Irucont Srl<\/strong> are ca obiect de activitate furnizarea, instalarea, \u00eentre\u021binerea \u0219i service-ul echipamentelor electronice profesionale, \u00een special a caselor de marcat electronice \u0219i a altor solu\u021bii fiscale destinate afacerilor din diverse domenii de activitate. De-a lungul anilor, am construit parteneriate solide cu furnizori de top \u0219i am reu\u0219it s\u0103 oferim clien\u021bilor no\u0219tri produse de \u00eenalt\u0103 calitate, servicii personalizate \u0219i suport tehnic continuu.<\/p>\n\n\n\n<p><strong>Locatie: <\/strong>Cluj-Napoca \u0219i Bra\u0219ov<\/p>\n\n\n\n<p><strong>Program: <\/strong>Full-time<\/p>\n\n\n\n<p>Dac\u0103 e\u0219ti interesat\/\u0103, te rug\u0103m s\u0103 trimi\u021bi CV-ul t\u0103u la adresa de email: <em>office<\/em><em>@irucont.ro<\/em> sau pe whatsapp la <em>0725347384.<\/em><\/p>\n\n\n\n<p>A\u0219tept\u0103m cu interes aplica\u021bia ta!<\/p>\n","protected":false},"excerpt":{"rendered":"<p>Angajam Tehnician Service Case de Marcat Electronice in Cluj-Napoca \u0219i Bra\u0219ov Candidatul ideal: Studii medii\/ superioare in domeniul tehnic (electrotehnica, calculatoare, informatica) Cunostinte utilizare PC Abilitati de comunicare cu clientii si colegii Persoan\u0103 organizat\u0103, responsabil\u0103 \u0219i cu un spirit de \u00eenv\u0103\u021bare continu\u0103. Permis conducere categoria B Fara mentiuni in Cazierul Judiciar Experienta anterioara in domeniu [&hellip;]<\/p>\n","protected":false},"author":1,"featured_media":0,"parent":0,"menu_order":0,"comment_status":"closed","ping_status":"closed","template":"","meta":[],"_links":{"self":[{"href":"http:\/\/irucont.ro\/index.php\/wp-json\/wp\/v2\/pages\/833"}],"collection":[{"href":"http:\/\/irucont.ro\/index.php\/wp-json\/wp\/v2\/pages"}],"about":[{"href":"http:\/\/irucont.ro\/index.php\/wp-json\/wp\/v2\/types\/page"}],"author":[{"embeddable":true,"href":"http:\/\/irucont.ro\/index.php\/wp-json\/wp\/v2\/users\/1"}],"replies":[{"embeddable":true,"href":"http:\/\/irucont.ro\/index.php\/wp-json\/wp\/v2\/comments?post=833"}],"version-history":[{"count":2,"href":"http:\/\/irucont.ro\/index.php\/wp-json\/wp\/v2\/pages\/833\/revisions"}],"predecessor-version":[{"id":844,"href":"http:\/\/irucont.ro\/index.php\/wp-json\/wp\/v2\/pages\/833\/revisions\/844"}],"wp:attachment":[{"href":"http:\/\/irucont.ro\/index.php\/wp-json\/wp\/v2\/media?parent=833"}],"curies":[{"name":"wp","href":"https:\/\/api.w.org\/{rel}","templated":true}]}}