{"id":397,"date":"2021-12-20T12:55:14","date_gmt":"2021-12-20T12:55:14","guid":{"rendered":"http:\/\/irucont.ro\/?page_id=397"},"modified":"2021-12-20T13:40:52","modified_gmt":"2021-12-20T13:40:52","slug":"solutii-hotel-restaurant","status":"publish","type":"page","link":"http:\/\/irucont.ro\/index.php\/solutii-hotel-restaurant\/","title":{"rendered":"Solu\u021bii Hotel &#038; Restaurant"},"content":{"rendered":"\n<h1>Program de gestiune restaurant ForIT &#8211; Forms RESTAURANT<\/h1>\n\n\n\n<p><strong>ForIT &#8211; Forms<\/strong> este un program de gestiune a stocurilor \u0219i controlul v\u00e2nz\u0103rilor \u00een magazine alimentare, magazine generale, magazine de confec\u021bii, magazine de \u00eenc\u0103l\u021b\u0103minte(sportive), fast-food-uri, pizzerii, restaurante, cofet\u0103rii, patiserii, cantine, etc.. <em>Cu peste 1000 de implementari si cu peste 5000 de utilizatori, ForIT &#8211; Forms este unul dintre cele mai r\u0103sp\u00e2ndite programe de gestiune \u00een domeniul retail \u0219i horeca din Rom\u00e2nia.<\/em><\/p>\n\n\n\n<div class=\"wp-block-media-text alignwide is-stacked-on-mobile\"><figure class=\"wp-block-media-text__media\"><img loading=\"lazy\" width=\"300\" height=\"353\" src=\"http:\/\/irucont.ro\/wp-content\/uploads\/2021\/12\/forit-forms-restaurant-perspective-reduced.png\" alt=\"\" class=\"wp-image-409 size-full\" srcset=\"http:\/\/irucont.ro\/wp-content\/uploads\/2021\/12\/forit-forms-restaurant-perspective-reduced.png 300w, http:\/\/irucont.ro\/wp-content\/uploads\/2021\/12\/forit-forms-restaurant-perspective-reduced-255x300.png 255w\" sizes=\"(max-width: 300px) 100vw, 300px\" \/><\/figure><div class=\"wp-block-media-text__content\">\n<ul><li>Mai multe interfete de vanzare (retail, fast-food, restaurant);<\/li><li>Interfata de vanzare optimizata pe ecrane tactile;<\/li><li>Interfata prietenoasa si profesionala;<\/li><li>Integrare cu majoritatea echipamentelor in domeniul retail &amp; horeca (cititoare de coduri de bare, cantare, case de marcat, afisaje externe, imprimante de sectie);<\/li><li>Documente de gestiune pentru gestiunea cu ridicata sau amanuntul;<\/li><li>Emitere note de comanda pentru bar, bucatarie, pizzerie;<\/li><li>Numar nelimitat de sali si mese;<\/li><li>Gestionare furnizori;<\/li><li>Gestionare perisabilitati;<\/li><li>Rapoarte grafice;<\/li><li>Sistem avansat de fidelizare clienti;<\/li><li>Preluare automata a informatiilor despre societati de pe Internet;<\/li><li>Salvare in .PDF, .DOC, .XLS si trimitere prin email a documentelor emise;<\/li><li>Semantura electronica pentru documente emise.<\/li><\/ul>\n<\/div><\/div>\n","protected":false},"excerpt":{"rendered":"<p>Program de gestiune restaurant ForIT &#8211; Forms RESTAURANT ForIT &#8211; Forms este un program de gestiune a stocurilor \u0219i controlul v\u00e2nz\u0103rilor \u00een magazine alimentare, magazine generale, magazine de confec\u021bii, magazine de \u00eenc\u0103l\u021b\u0103minte(sportive), fast-food-uri, pizzerii, restaurante, cofet\u0103rii, patiserii, cantine, etc.. Cu peste 1000 de implementari si cu peste 5000 de utilizatori, ForIT &#8211; Forms este unul [&hellip;]<\/p>\n","protected":false},"author":1,"featured_media":0,"parent":0,"menu_order":0,"comment_status":"closed","ping_status":"closed","template":"","meta":[],"_links":{"self":[{"href":"http:\/\/irucont.ro\/index.php\/wp-json\/wp\/v2\/pages\/397"}],"collection":[{"href":"http:\/\/irucont.ro\/index.php\/wp-json\/wp\/v2\/pages"}],"about":[{"href":"http:\/\/irucont.ro\/index.php\/wp-json\/wp\/v2\/types\/page"}],"author":[{"embeddable":true,"href":"http:\/\/irucont.ro\/index.php\/wp-json\/wp\/v2\/users\/1"}],"replies":[{"embeddable":true,"href":"http:\/\/irucont.ro\/index.php\/wp-json\/wp\/v2\/comments?post=397"}],"version-history":[{"count":2,"href":"http:\/\/irucont.ro\/index.php\/wp-json\/wp\/v2\/pages\/397\/revisions"}],"predecessor-version":[{"id":410,"href":"http:\/\/irucont.ro\/index.php\/wp-json\/wp\/v2\/pages\/397\/revisions\/410"}],"wp:attachment":[{"href":"http:\/\/irucont.ro\/index.php\/wp-json\/wp\/v2\/media?parent=397"}],"curies":[{"name":"wp","href":"https:\/\/api.w.org\/{rel}","templated":true}]}}