{"id":29,"date":"2021-07-22T05:50:52","date_gmt":"2021-07-22T05:50:52","guid":{"rendered":"http:\/\/irucont.ro\/?page_id=29"},"modified":"2025-05-15T13:44:59","modified_gmt":"2025-05-15T11:44:59","slug":"servicii","status":"publish","type":"page","link":"http:\/\/irucont.ro\/index.php\/servicii\/","title":{"rendered":"Servicii"},"content":{"rendered":"\n<p><strong>Pa\u0219ii pentru fiscalizarea unei case de marcat \u2013 Ghid complet<\/strong><\/p>\n\n\n\n<p>Dac\u0103 vrei sa achizitionezi o cas\u0103 de marcat, trebuie s\u0103 urmezi <strong>procedura de fiscalizare<\/strong> pentru a respecta legisla\u021bia \u00een vigoare. Iat\u0103 pa\u0219ii esen\u021biali pentru a pune \u00een func\u021biune casa de marcat \u00een mod legal:<\/p>\n\n\n\n<p><strong>1<\/strong>. <strong>Achizi\u021bia casei de marcat<\/strong> \ud83d\uded2<\/p>\n\n\n\n<p>Alege un model aprobat \u0219i conform cu cerin\u021bele ANAF. Verific\u0103 dac\u0103 furnizorul este autorizat \u0219i dac\u0103 echipamentul include toate func\u021biile necesare activit\u0103\u021bii tale.<\/p>\n\n\n\n<p><strong>2. \u00cencheierea contractului de service <\/strong><strong>\ud83d\udee0\ufe0f<\/strong><strong><\/strong><\/p>\n\n\n\n<p>Conform legisla\u021biei, orice cas\u0103 de marcat trebuie s\u0103 fie acoperit\u0103 de un <strong>contract de service<\/strong> cu un furnizor autorizat. Acest contract este obligatoriu \u0219i necesar pentru \u00eentre\u021binere \u0219i repara\u021bii.<\/p>\n\n\n\n<p><strong>3. Ob\u021binerea num\u0103rului de ordine de la ANAF<\/strong> \ud83c\udfe2<\/p>\n\n\n\n<p>Pentru a putea utiliza casa de marcat, este necesar\u0103 ob\u021binerea num\u0103rului unic de identificare de la ANAF. Procesul poate fi complicat \u0219i consumator de timp, dar noi te ajut\u0103m s\u0103-l simplifici!<\/p>\n\n\n\n<p><strong>Cu serviciul nostru, beneficiezi de:<\/strong><\/p>\n\n\n\n<p>\u2705 Consultan\u021b\u0103 gratuit\u0103 \u2013 \u00ee\u021bi explic\u0103m pa\u0219ii \u0219i \u00ee\u021bi preg\u0103tim toate documentele necesare.<\/p>\n\n\n\n<p>\u2705 Depunerea actelor la ANAF \u2013 ne ocup\u0103m de \u00eentreaga procedur\u0103 pentru tine.<\/p>\n\n\n\n<p>\u2705 Ob\u021binerea rapid\u0103 a num\u0103rului unic \u2013 f\u0103r\u0103 stres \u0219i f\u0103r\u0103 drumuri inutile. NUI ul se obtine de utilizator \u00a0prin SPV propriu cu semnatura calificata\u00a0 dar intocmim documentatia si transmitem procedura de obtinere .<\/p>\n\n\n\n<p>\ud83d\udccb Documentele necesare:<\/p>\n\n\n\n<p>\ud83d\udd39 Cererea tipizat\u0103 (C801) ANAF &nbsp;&#8211; o complet\u0103m pentru tine!<\/p>\n\n\n\n<p>\ud83d\udd39 Copia certificatului de \u00eenregistrare al firmei<\/p>\n\n\n\n<p>\ud83d\udd39 Copie dupa CIF (Certificat de Inregistrare Fiscala) \u2013 doar in cazul firmelor platitoare de TVA<\/p>\n\n\n\n<p>\ud83d\udd39 Copia c\u0103r\u021bii de identitate a administratorului<\/p>\n\n\n\n<p>\ud83d\udd39 Copia certificatului constatator cu punct de lucru fix sau ambulant<\/p>\n\n\n\n<p><strong>4. Fiscalizarea casei de marcat<\/strong> \ud83d\udcd1<\/p>\n\n\n\n<p>Un tehnician autorizat va efectua procedura de fiscalizare, care presupune activarea memoriei fiscale \u0219i configurarea dispozitivului. Se vor seta datele firmei \u0219i parametrii de func\u021bionare.<\/p>\n\n\n\n<p><strong>5. Utilizarea corect\u0103 \u0219i \u00eentre\u021binerea periodic\u0103<\/strong> \ud83d\udd04<\/p>\n\n\n\n<p>Odat\u0103 \u00eenregistrat\u0103, casa de marcat trebuie utilizat\u0103 conform legii, inclusiv generarea raportului zilnic Z \u0219i transmiterea datelor c\u0103tre ANAF. De asemenea, trebuie efectuate revizii periodice prin service-ul autorizat.<\/p>\n\n\n\n<p><strong>Respectarea acestor pa\u0219i \u00ee\u021bi asigur\u0103 conformitatea legal\u0103 \u0219i func\u021bionarea corect\u0103 a echipamentului<\/strong>.<\/p>\n","protected":false},"excerpt":{"rendered":"<p>Pa\u0219ii pentru fiscalizarea unei case de marcat \u2013 Ghid complet Dac\u0103 vrei sa achizitionezi o cas\u0103 de marcat, trebuie s\u0103 urmezi procedura de fiscalizare pentru a respecta legisla\u021bia \u00een vigoare. Iat\u0103 pa\u0219ii esen\u021biali pentru a pune \u00een func\u021biune casa de marcat \u00een mod legal: 1. Achizi\u021bia casei de marcat \ud83d\uded2 Alege un model aprobat \u0219i [&hellip;]<\/p>\n","protected":false},"author":1,"featured_media":0,"parent":0,"menu_order":0,"comment_status":"closed","ping_status":"closed","template":"","meta":[],"_links":{"self":[{"href":"http:\/\/irucont.ro\/index.php\/wp-json\/wp\/v2\/pages\/29"}],"collection":[{"href":"http:\/\/irucont.ro\/index.php\/wp-json\/wp\/v2\/pages"}],"about":[{"href":"http:\/\/irucont.ro\/index.php\/wp-json\/wp\/v2\/types\/page"}],"author":[{"embeddable":true,"href":"http:\/\/irucont.ro\/index.php\/wp-json\/wp\/v2\/users\/1"}],"replies":[{"embeddable":true,"href":"http:\/\/irucont.ro\/index.php\/wp-json\/wp\/v2\/comments?post=29"}],"version-history":[{"count":14,"href":"http:\/\/irucont.ro\/index.php\/wp-json\/wp\/v2\/pages\/29\/revisions"}],"predecessor-version":[{"id":930,"href":"http:\/\/irucont.ro\/index.php\/wp-json\/wp\/v2\/pages\/29\/revisions\/930"}],"wp:attachment":[{"href":"http:\/\/irucont.ro\/index.php\/wp-json\/wp\/v2\/media?parent=29"}],"curies":[{"name":"wp","href":"https:\/\/api.w.org\/{rel}","templated":true}]}}